{"id":325,"date":"2016-09-29T17:16:07","date_gmt":"2016-09-29T15:16:07","guid":{"rendered":"http:\/\/www.ristorantiditalia.net\/blog\/?page_id=325"},"modified":"2016-09-29T17:20:32","modified_gmt":"2016-09-29T15:20:32","slug":"privacy","status":"publish","type":"page","link":"https:\/\/www.ristorantiditalia.net\/blog\/privacy\/","title":{"rendered":"Privacy"},"content":{"rendered":"<p><strong>Informativa ai sensi del D.Lgs. 30.06.2003 N. 196 (Codice in materia di protezione dei dati personali).<\/strong><\/p>\n<p><strong>Tipologia dei dati rilevati e loro utilizzo<\/strong><\/p>\n<p>Ristoranti d&#8217;Italia (www.ristorantiditalia.net e www.ristorantiditalia.net\/blog) sono un Portale\/Blog con informazioni relativi a strutture ricettive rurali, segnalazioni di eventi, segnalazioni di itinerari e recensioni. I dati personali degli utenti\/visitatori del Sito saranno trattati nel pieno rispetto della normativa nazionale italiana in materia di privacy e, in particolare, del D. Lgs. 30.06.2003 n. 196 e precisamente:<\/p>\n<ul>\n<li>per finalit\u00e0 connesse e\/o necessarie a soddisfare le richieste che gli utenti formulano attraverso il Sito, tramite e-mail, compilazione di form od altro strumento di comunicazione;<\/li>\n<li>per finalit\u00e0 connesse agli obblighi previsti da leggi, regolamenti e dalla normativa comunitaria nonch\u00e9 da disposizioni impartite da Autorit\u00e0 a ci\u00f2 legittimate dalla legge o da organi di vigilanza e controllo.<\/li>\n<\/ul>\n<p>Durante la navigazione del Sito, potrebbero essere acquisite informazioni sul visitatore, in maniera aggregata e non identificativa, tramite i dati di navigazione rilevati dai sistemi informatici e dalle procedure <em>software<\/em> preposte al funzionamento del Sito. La trasmissione di tali dati \u00e8 implicita nell\u2019uso dei protocolli di comunicazione di Internet e riguardano gli indirizzi IP, il tipo di browser utilizzato, il sistema operativo, il nome di dominio e gli indirizzi di siti web dai quali \u00e8 stato effettuato l&#8217;accesso o l\u2019uscita. Inoltre potrebbero essere rilevate informazioni sulle pagine visitate dagli utenti, sul tempo di permanenza nelle stesse, sull\u2019orario d\u2019accesso e sul percorso interno eseguito tra le stesse pagine.<\/p>\n<p>Tali dati, raccolti in modo aggregato e senza possibilit\u00e0 di identificare gli utenti, potrebbero essere utilizzati esclusivamente per accertare responsabilit\u00e0 penali a seguito di reati informatici ai danni del sito.<\/p>\n<p><strong>Informazioni esplicitamente fornite dall\u2019utente e loro utilizzo<\/strong><\/p>\n<p>Alcuni dati potrebbero essere comunicati direttamente dagli utenti per richiedere informazioni di vario genere o per registrarsi e\/o accedere ad un\u2019area riservata al fine di usufruire di specifici servizi o funzionalit\u00e0. In tutti questi casi, Ristoranti d&#8217;Italia proceder\u00e0 ad acquisire il libero consenso dell\u2019utente e i dati personali saranno trattati secondo la normativa sulla privacy e non ceduti a terzi.<\/p>\n<p>Nel caso che l\u2019utente fornisca un indirizzo e-mail, in qualsiasi momento, avr\u00e0 la facolt\u00e0 di richiedere la sospensione dell\u2019invio di qualsiasi comunicazione da parte del Sito seguendo le istruzioni riportate oppure attraverso comunicazione scritta.<\/p>\n<p><strong>Conservazione dei dati<\/strong><\/p>\n<p>I dati sono conservati nel data base informatico del titolare del trattamento. Ai sensi dell\u2019art. 7 del D. Lgs. 196\/2003, l\u2019utente ha diritto di conoscere, aggiornare, rettificare e cancellare i dati, nonch\u00e9 di esercitare tutti i restanti diritti ivi previsti, mediante comunicazione scritta a info@ristorantiditalia.net.<\/p>\n<p>Il Titolare dei dati personali si impegna a garantire la riservatezza dei dati trattati, a non cederli a terzi e a rispettare tutte le disposizioni di legge applicabili (v. informativa in materia di Legge sulla Privacy).<\/p>\n<p><strong>Diritti degli interessati<\/strong><\/p>\n<p>I soggetti cui si riferiscono i dati personali trattati tramite il Sito, possono conoscere quali sono i dati che li riguardano in possesso del sito, per quale motivo sono stati raccolti, come sono elaborati e acquisiti i dati stessi. Inoltre in caso di interesse e\/o violazione di legge \u00e8 possibile richiedere l&#8217;aggiornamento, la rettifica, l&#8217;integrazione o la cancellazione dei dati.<\/p>\n<p>Per esercitare tali diritti, le richieste possono essere inviate a info@ristorantiditalia.net.<\/p>\n<p><strong> Link ad altri siti<\/strong><\/p>\n<p>Le informazioni e i contenuti del Sito potrebbero contenere link ad altri siti. La dichiarazione di protezione dei dati non si estende ad altri provider, poich\u00e9 non sarebbe possibile garantire il rispetto delle norme sulla privacy da parte dei relativi gestori.<\/p>\n<p><strong>Responsabilit\u00e0<\/strong><\/p>\n<p>La Redazione non \u00e8 responsabile per danni causati, direttamente o indirettamente, dall\u2019utilizzo delle informazioni presenti in questo blog. L\u2019inserimento di eventuali commenti da parte dei lettori, non \u00e8 sottoposta a preventiva approvazione.<\/p>\n<p>Nei limiti del possibile, dove si manifesti una violazione di Legge, si interverr\u00e0 tempestivamente per porvi rimedio. Chiunque ravvisi comportamenti scorretti o illeciti, \u00e8 pregato di segnalarlo ad Ristoranti d&#8217;Italia scrivendo a info@ristorantiditalia.net.<\/p>\n","protected":false},"excerpt":{"rendered":"<p>Informativa ai sensi del D.Lgs. 30.06.2003 N. 196 (Codice in materia di protezione dei dati personali). Tipologia dei dati rilevati e loro utilizzo Ristoranti d&#8217;Italia (www.ristorantiditalia.net e www.ristorantiditalia.net\/blog) sono un Portale\/Blog con informazioni relativi a strutture ricettive rurali, segnalazioni di eventi, segnalazioni di itinerari e recensioni. I dati personali degli utenti\/visitatori del Sito saranno trattati [&hellip;]<\/p>\n","protected":false},"author":1,"featured_media":0,"parent":0,"menu_order":0,"comment_status":"closed","ping_status":"closed","template":"","meta":{"footnotes":""},"class_list":["post-325","page","type-page","status-publish","hentry"],"yoast_head":"<!-- This site is optimized with the Yoast SEO plugin v25.4 - https:\/\/yoast.com\/wordpress\/plugins\/seo\/ -->\n<title>Privacy | Blog Ristorantiditalia.net<\/title>\n<meta name=\"robots\" content=\"index, follow, max-snippet:-1, max-image-preview:large, max-video-preview:-1\" \/>\n<link rel=\"canonical\" href=\"https:\/\/www.ristorantiditalia.net\/blog\/privacy\/\" \/>\n<meta property=\"og:locale\" content=\"it_IT\" \/>\n<meta property=\"og:type\" content=\"article\" \/>\n<meta property=\"og:title\" content=\"Privacy | Blog Ristorantiditalia.net\" \/>\n<meta property=\"og:description\" content=\"Informativa ai sensi del D.Lgs. 30.06.2003 N. 196 (Codice in materia di protezione dei dati personali). Tipologia dei dati rilevati e loro utilizzo Ristoranti d&#8217;Italia (www.ristorantiditalia.net e www.ristorantiditalia.net\/blog) sono un Portale\/Blog con informazioni relativi a strutture ricettive rurali, segnalazioni di eventi, segnalazioni di itinerari e recensioni. I dati personali degli utenti\/visitatori del Sito saranno trattati [&hellip;]\" \/>\n<meta property=\"og:url\" content=\"https:\/\/www.ristorantiditalia.net\/blog\/privacy\/\" \/>\n<meta property=\"og:site_name\" content=\"Blog Ristorantiditalia.net\" \/>\n<meta property=\"article:publisher\" content=\"https:\/\/www.facebook.com\/ristorantiditalia\/\" \/>\n<meta property=\"article:modified_time\" content=\"2016-09-29T15:20:32+00:00\" \/>\n<meta property=\"og:image\" content=\"https:\/\/www.ristorantiditalia.net\/blog\/wp-content\/uploads\/2016\/09\/55x55-retro.png\" \/>\n\t<meta property=\"og:image:width\" content=\"720\" \/>\n\t<meta property=\"og:image:height\" content=\"720\" \/>\n\t<meta property=\"og:image:type\" content=\"image\/png\" \/>\n<meta name=\"twitter:card\" content=\"summary_large_image\" \/>\n<meta name=\"twitter:site\" content=\"@Risto_Italia\" \/>\n<meta name=\"twitter:label1\" content=\"Tempo di lettura stimato\" \/>\n\t<meta name=\"twitter:data1\" content=\"3 minuti\" \/>\n<script type=\"application\/ld+json\" class=\"yoast-schema-graph\">{\"@context\":\"https:\/\/schema.org\",\"@graph\":[{\"@type\":\"WebPage\",\"@id\":\"https:\/\/www.ristorantiditalia.net\/blog\/privacy\/\",\"url\":\"https:\/\/www.ristorantiditalia.net\/blog\/privacy\/\",\"name\":\"Privacy | Blog Ristorantiditalia.net\",\"isPartOf\":{\"@id\":\"https:\/\/www.ristorantiditalia.net\/blog\/#website\"},\"datePublished\":\"2016-09-29T15:16:07+00:00\",\"dateModified\":\"2016-09-29T15:20:32+00:00\",\"breadcrumb\":{\"@id\":\"https:\/\/www.ristorantiditalia.net\/blog\/privacy\/#breadcrumb\"},\"inLanguage\":\"it-IT\",\"potentialAction\":[{\"@type\":\"ReadAction\",\"target\":[\"https:\/\/www.ristorantiditalia.net\/blog\/privacy\/\"]}]},{\"@type\":\"BreadcrumbList\",\"@id\":\"https:\/\/www.ristorantiditalia.net\/blog\/privacy\/#breadcrumb\",\"itemListElement\":[{\"@type\":\"ListItem\",\"position\":1,\"name\":\"Home\",\"item\":\"https:\/\/www.ristorantiditalia.net\/blog\/\"},{\"@type\":\"ListItem\",\"position\":2,\"name\":\"Privacy\"}]},{\"@type\":\"WebSite\",\"@id\":\"https:\/\/www.ristorantiditalia.net\/blog\/#website\",\"url\":\"https:\/\/www.ristorantiditalia.net\/blog\/\",\"name\":\"Blog Ristorantiditalia.net\",\"description\":\"Portale dei migliori ristoranti in Italia\",\"publisher\":{\"@id\":\"https:\/\/www.ristorantiditalia.net\/blog\/#organization\"},\"potentialAction\":[{\"@type\":\"SearchAction\",\"target\":{\"@type\":\"EntryPoint\",\"urlTemplate\":\"https:\/\/www.ristorantiditalia.net\/blog\/?s={search_term_string}\"},\"query-input\":{\"@type\":\"PropertyValueSpecification\",\"valueRequired\":true,\"valueName\":\"search_term_string\"}}],\"inLanguage\":\"it-IT\"},{\"@type\":\"Organization\",\"@id\":\"https:\/\/www.ristorantiditalia.net\/blog\/#organization\",\"name\":\"Ristoranti d'Italia\",\"url\":\"https:\/\/www.ristorantiditalia.net\/blog\/\",\"logo\":{\"@type\":\"ImageObject\",\"inLanguage\":\"it-IT\",\"@id\":\"https:\/\/www.ristorantiditalia.net\/blog\/#\/schema\/logo\/image\/\",\"url\":\"https:\/\/www.ristorantiditalia.net\/blog\/wp-content\/uploads\/2016\/09\/cropped-55x55-retro.png\",\"contentUrl\":\"https:\/\/www.ristorantiditalia.net\/blog\/wp-content\/uploads\/2016\/09\/cropped-55x55-retro.png\",\"width\":512,\"height\":512,\"caption\":\"Ristoranti d'Italia\"},\"image\":{\"@id\":\"https:\/\/www.ristorantiditalia.net\/blog\/#\/schema\/logo\/image\/\"},\"sameAs\":[\"https:\/\/www.facebook.com\/ristorantiditalia\/\",\"https:\/\/x.com\/Risto_Italia\"]}]}<\/script>\n<!-- \/ Yoast SEO plugin. -->","yoast_head_json":{"title":"Privacy | Blog Ristorantiditalia.net","robots":{"index":"index","follow":"follow","max-snippet":"max-snippet:-1","max-image-preview":"max-image-preview:large","max-video-preview":"max-video-preview:-1"},"canonical":"https:\/\/www.ristorantiditalia.net\/blog\/privacy\/","og_locale":"it_IT","og_type":"article","og_title":"Privacy | Blog Ristorantiditalia.net","og_description":"Informativa ai sensi del D.Lgs. 30.06.2003 N. 196 (Codice in materia di protezione dei dati personali). Tipologia dei dati rilevati e loro utilizzo Ristoranti d&#8217;Italia (www.ristorantiditalia.net e www.ristorantiditalia.net\/blog) sono un Portale\/Blog con informazioni relativi a strutture ricettive rurali, segnalazioni di eventi, segnalazioni di itinerari e recensioni. I dati personali degli utenti\/visitatori del Sito saranno trattati [&hellip;]","og_url":"https:\/\/www.ristorantiditalia.net\/blog\/privacy\/","og_site_name":"Blog Ristorantiditalia.net","article_publisher":"https:\/\/www.facebook.com\/ristorantiditalia\/","article_modified_time":"2016-09-29T15:20:32+00:00","og_image":[{"width":720,"height":720,"url":"https:\/\/www.ristorantiditalia.net\/blog\/wp-content\/uploads\/2016\/09\/55x55-retro.png","type":"image\/png"}],"twitter_card":"summary_large_image","twitter_site":"@Risto_Italia","twitter_misc":{"Tempo di lettura stimato":"3 minuti"},"schema":{"@context":"https:\/\/schema.org","@graph":[{"@type":"WebPage","@id":"https:\/\/www.ristorantiditalia.net\/blog\/privacy\/","url":"https:\/\/www.ristorantiditalia.net\/blog\/privacy\/","name":"Privacy | Blog Ristorantiditalia.net","isPartOf":{"@id":"https:\/\/www.ristorantiditalia.net\/blog\/#website"},"datePublished":"2016-09-29T15:16:07+00:00","dateModified":"2016-09-29T15:20:32+00:00","breadcrumb":{"@id":"https:\/\/www.ristorantiditalia.net\/blog\/privacy\/#breadcrumb"},"inLanguage":"it-IT","potentialAction":[{"@type":"ReadAction","target":["https:\/\/www.ristorantiditalia.net\/blog\/privacy\/"]}]},{"@type":"BreadcrumbList","@id":"https:\/\/www.ristorantiditalia.net\/blog\/privacy\/#breadcrumb","itemListElement":[{"@type":"ListItem","position":1,"name":"Home","item":"https:\/\/www.ristorantiditalia.net\/blog\/"},{"@type":"ListItem","position":2,"name":"Privacy"}]},{"@type":"WebSite","@id":"https:\/\/www.ristorantiditalia.net\/blog\/#website","url":"https:\/\/www.ristorantiditalia.net\/blog\/","name":"Blog Ristorantiditalia.net","description":"Portale dei migliori ristoranti in Italia","publisher":{"@id":"https:\/\/www.ristorantiditalia.net\/blog\/#organization"},"potentialAction":[{"@type":"SearchAction","target":{"@type":"EntryPoint","urlTemplate":"https:\/\/www.ristorantiditalia.net\/blog\/?s={search_term_string}"},"query-input":{"@type":"PropertyValueSpecification","valueRequired":true,"valueName":"search_term_string"}}],"inLanguage":"it-IT"},{"@type":"Organization","@id":"https:\/\/www.ristorantiditalia.net\/blog\/#organization","name":"Ristoranti d'Italia","url":"https:\/\/www.ristorantiditalia.net\/blog\/","logo":{"@type":"ImageObject","inLanguage":"it-IT","@id":"https:\/\/www.ristorantiditalia.net\/blog\/#\/schema\/logo\/image\/","url":"https:\/\/www.ristorantiditalia.net\/blog\/wp-content\/uploads\/2016\/09\/cropped-55x55-retro.png","contentUrl":"https:\/\/www.ristorantiditalia.net\/blog\/wp-content\/uploads\/2016\/09\/cropped-55x55-retro.png","width":512,"height":512,"caption":"Ristoranti d'Italia"},"image":{"@id":"https:\/\/www.ristorantiditalia.net\/blog\/#\/schema\/logo\/image\/"},"sameAs":["https:\/\/www.facebook.com\/ristorantiditalia\/","https:\/\/x.com\/Risto_Italia"]}]}},"_links":{"self":[{"href":"https:\/\/www.ristorantiditalia.net\/blog\/wp-json\/wp\/v2\/pages\/325","targetHints":{"allow":["GET"]}}],"collection":[{"href":"https:\/\/www.ristorantiditalia.net\/blog\/wp-json\/wp\/v2\/pages"}],"about":[{"href":"https:\/\/www.ristorantiditalia.net\/blog\/wp-json\/wp\/v2\/types\/page"}],"author":[{"embeddable":true,"href":"https:\/\/www.ristorantiditalia.net\/blog\/wp-json\/wp\/v2\/users\/1"}],"replies":[{"embeddable":true,"href":"https:\/\/www.ristorantiditalia.net\/blog\/wp-json\/wp\/v2\/comments?post=325"}],"version-history":[{"count":0,"href":"https:\/\/www.ristorantiditalia.net\/blog\/wp-json\/wp\/v2\/pages\/325\/revisions"}],"wp:attachment":[{"href":"https:\/\/www.ristorantiditalia.net\/blog\/wp-json\/wp\/v2\/media?parent=325"}],"curies":[{"name":"wp","href":"https:\/\/api.w.org\/{rel}","templated":true}]}}