{"id":324,"date":"2016-09-29T17:15:09","date_gmt":"2016-09-29T15:15:09","guid":{"rendered":"http:\/\/www.ristorantiditalia.net\/blog\/?page_id=324"},"modified":"2016-09-29T17:15:09","modified_gmt":"2016-09-29T15:15:09","slug":"cookie-policy","status":"publish","type":"page","link":"https:\/\/www.ristorantiditalia.net\/blog\/cookie-policy\/","title":{"rendered":"Cookie Policy"},"content":{"rendered":"<h1 style=\"text-align: justify;\">Blog Policy<\/h1>\n<p style=\"text-align: justify;\">Questa pagina descrive la <strong>Cookie Policy<\/strong> applicata sul blog <strong>Ristoranti d&#8217;Italia<\/strong>. Chiunque avesse bisogno di ulteriori chiarimenti riguardo i contenuti o sul trattamento dei dati personali all\u2019interno di questo sito web, pu\u00f2 scriverci compilando l&#8217;apposito form presente nella pagina <strong><a href=\"http:\/\/www.ristorantiditalia.net\/blog\/contatti\/\">Contatti<\/a><\/strong> oppure inviando un&#8217;email all\u2019indirizzo info[chiocciola]ristorantiditalia.net<\/p>\n<p style=\"text-align: justify;\">Ultimo aggiornamento: <strong>mercoled\u00ec 28 settembre 2016.<\/strong><\/p>\n<h2 style=\"text-align: justify;\">1. Articoli<\/h2>\n<p style=\"text-align: justify;\">Tutti i contenuti e gli articoli pubblicati su <strong>Ristoranti d&#8217;Italia<\/strong> sono scritti dalla Redazione del blog, salvo diversamente indicato in calce all\u2019articolo stesso. I crediti delle immagini riportate, dove necessari, sono presenti a fine articolo. Tutti i marchi citati appartengono ai rispettivi proprietari.<\/p>\n<p style=\"text-align: justify;\">Questo blog viene aggiornato senza alcuna periodicit\u00e0, la frequenza degli articoli non \u00e8 prestabilita e, pertanto, il sito non pu\u00f2 considerarsi un prodotto editoriale o una testata giornalistica ai sensi della legge n. 62 del 07\/03\/2001.<\/p>\n<p style=\"text-align: justify;\">Il contenuto degli articoli rappresenta il punto di vista di ciascun autore.<\/p>\n<h2 style=\"text-align: justify;\">2. Commenti<\/h2>\n<p style=\"text-align: justify;\">L&#8217;amministratore si riserva la facolt\u00e0 di rimuovere, a proprio insindacabile giudizio, qualsiasi commento che:<\/p>\n<ul style=\"text-align: justify;\">\n<li>sia illecito, diffamatorio, razzista o calunnioso;<\/li>\n<li>istighi all\u2019odio o alla violenza;<\/li>\n<li>sia lesivo nei confronti di persone, istituzioni e religioni;<\/li>\n<li>sia lesivo dell&#8217;altrui privacy;<\/li>\n<li>che possa arrecare danno a minori di et\u00e0;<\/li>\n<li>sia lesivo nei confronti di marchi, brevetti e contenuti protetti da copyright;<\/li>\n<li>contenga dati personali di terzi;<\/li>\n<li>utilizzi impropriamente il mezzo per promuovere o pubblicizzare attivit\u00e0 commerciali.<\/li>\n<\/ul>\n<p style=\"text-align: justify;\">I commenti rappresentano esclusivamente il punto di vista del loro autore.<\/p>\n<p style=\"text-align: justify;\">Quando viene inserito un commento, il software che gestisce questo blog, <a href=\"http:\/\/wordpress.org\" target=\"_blank\">WordPress<\/a>, ne rileva e registra automaticamente i dati identificativi e precisamente <strong>data<\/strong>, <strong>ora<\/strong> e <strong>indirizzo IP<\/strong> del computer dal quale il commento proviene. Per il corretto inserimento di un commento viene richiesto, inoltre, un indirizzo email valido.<\/p>\n<p style=\"text-align: justify;\">I dati raccolti <strong>non saranno ceduti a terzi<\/strong> salvo che vengano richiesti dalle competenti Autorit\u00e0, qualora venga rilevato un illecito.<\/p>\n<h2 style=\"text-align: justify;\">3. Cosa sono i cookie?<\/h2>\n<p style=\"text-align: justify;\">In linea con la legislazione Europea, \u00e8 fondamentale che ogni utente di un sito web comprenda cosa sono i cookie e per quale motivo vengono utilizzati, in modo che si possa decidere consapevolmente se accettarne o meno l\u2019utilizzo sul proprio dispositivo.<\/p>\n<p style=\"text-align: justify;\"><strong>I cookie sono piccoli file di testo che ogni sito web visitato invia a<\/strong><strong>l disco rigido del computer degli utenti <\/strong><strong>attraverso un codice anonimo in grado di identificare il computer ma non l\u2019utente. Tali cookie vengono memorizzati e ritrasmessi agli stessi siti alla visita successiva e quindi sono in grado di monitorare passivamente le vostre attivit\u00e0 sul sito.<\/strong><\/p>\n<p>Ogni cookie contiene diversi dati come, ad esempio, il nome del server da cui proviene, un identificatore numerico, ecc.. e possono restare nel sistema per la durata di una sessione (cio\u00e8 fino a che non si chiude il browser utilizzato per la navigazione sul web) o per lunghi periodi e possono contenere un codice identificativo unico.<\/p>\n<p>I <strong>cookie delle c.d. &#8220;terze parti&#8221;<\/strong>, invece, vengono impostati da un sito web diverso da quello sul quale gli utenti stanno navigando perch\u00e9, su ogni sito, possono essere presenti degli elementi (immagini, mappe, suoni, specifici link a pagine web di altri domini, ecc.) che risiedono su server diversi da quello del sito visitato.<\/p>\n<p>I <strong>cookie possono essere classificati in due categorie<\/strong>, in base alle loro funzionalit\u00e0:<\/p>\n<ul style=\"text-align: justify;\">\n<li><strong>Cookie tecnici<\/strong> (di cui fanno parte i cookie sulle prestazioni e i cookie funzionali): sono spesso utili e possono rendere la navigazione e la fruizione del web pi\u00f9 veloce e rapida perch\u00e9, ad esempio, intervengono a facilitare alcune procedure quando si effettuano acquisti online, o quando si esegue l&#8217;autenticazione ad aree ad accesso riservato o quando un sito web riconosce automaticamente la lingua che abitualemnte utilizza l&#8217;utente;<\/li>\n<li><strong>Cookie di profilazione<\/strong> (di cui fanno parte i cookie legati alle pubblicit\u00e0): possono essere utilizzati per monitorare e profilare il comportamento degli utenti durante la navigazione per conoscere i loro movimenti e le loro abitudini di consultazione del <em>web <\/em>o di consumo (cosa comprano, cosa leggono, ecc.), anche allo scopo di inviare pubblicit\u00e0 di servizi mirati e personalizzati (<em>c.d. Behavioural Advertising<\/em>).<\/li>\n<\/ul>\n<p style=\"text-align: justify;\">Il Blog <strong>Ristoranti d&#8217;Italia<\/strong> utilizza solo il primo tipo di cookie, di tipo tecnico, per i quali non \u00e8 richiesto alcun consenso. In particolare <strong>Ristoranti d&#8217;Italia<\/strong>, utilizza:<\/p>\n<p style=\"text-align: justify;\"><strong>Cookie strettamente necessari<\/strong><br \/>\nSono cookie sono essenziali per permettere la navigazione del sito web e l\u2019utilizzo delle sue funzionalit\u00e0 come, ad esempio, l\u2019accesso ad alcune aree protette. Senza questi cookie, alcune funzionalit\u00e0 richieste come il login al sito o la creazione di un carrello per lo shopping online non potrebbero essere fornite.<\/p>\n<p style=\"text-align: justify;\"><strong>Cookie sulle prestazioni<\/strong><br \/>\nQuesti cookie raccolgono informazioni sulle modalit\u00e0 di fruizione del sito web da parte degli utenti. Si informano, ad esempio, su quali pagine vengono visitate pi\u00f9 spesso e se gli utenti ricevono messaggi di errore da queste pagine. Questa tipologia di cookie non raccogli informazioni tali da identificare un visitatore specifico e tutte le informazioni raccolte da questi cookie sono aggregate e anonime. In pratica servono unicamente per migliorare il funzionamento del sito web.<\/p>\n<p style=\"text-align: justify;\"><strong>Cookie di analisi di traffico anonimizzati<\/strong><br \/>\nQuesto sito web utilizza inoltre i <strong>cookie di Google Analytics<\/strong>, un servizio offerto da Google per l&#8217;analisi web sotto il profilo del traffico. Le informazioni generate dal cookie sull\u2019utilizzo del sito web da parte vostra (compreso il vostro indirizzo IP) verranno trasmesse e depositate presso i server di Google che utilizzer\u00e0 queste informazioni per tracciare ed esaminare le vostre modalit\u00e0 di utilizzo del sito web, per compilare report sulle attivit\u00e0 svolte sul sito web e per fornire altri servizi relativi alle attivit\u00e0 e all\u2019utilizzo di Internet. I dati generati da Google Analytics sono conservati da Google cos\u00ec come indicato nella Informativa reperibile al seguente link <a href=\"https:\/\/developers.google.com\/analytics\/devguides\/collection\/analyticsjs\/cookie-usage\" target=\"_blank\">https:\/\/developers.google.com\/analytics\/devguides\/collection\/analyticsjs\/cookie-usage<\/a>.<\/p>\n<p style=\"text-align: justify;\">Per consultare l\u2019informativa privacy della societ\u00e0 Google Inc., titolare autonomo del trattamento dei dati relativi al servizio Google Analytics, si rinvia al sito internet <a href=\"http:\/\/www.google.com\/intl\/en\/analytics\/privacyoverview.html\" target=\"_blank\">http:\/\/www.google.com\/intl\/en\/analytics\/privacyoverview.html<\/a>. L\u2019utente pu\u00f2 disabilitare in modo selettivo l\u2019azione di Google Analytics installando sul proprio browser la componente di opt-out fornito da Google. Per disabilitare l\u2019azione di Google Analytics, si rinvia al link di seguito indicato: <a href=\"https:\/\/tools.google.com\/dlpage\/gaoptout\" target=\"_blank\">https:\/\/tools.google.com\/dlpage\/gaoptout<\/a>.<\/p>\n<p style=\"text-align: justify;\"><strong>Cookie funzionali<\/strong><br \/>\nQuesti cookie consentono ad un sito web e\/o a un blog di ricordare le scelte che avete effettuato, come il vostro username, la vostra lingua o l\u2019area geografica in cui vivete, allo scopo di ottimizzare e fornire funzionalit\u00e0 pi\u00f9 avanzate. Inoltre possono essere utilizzati per fornire specifiche funzionalit\u00e0 che avete richiesto come, ad esempio, la visualizzazione di un video o la possibilit\u00e0 di inserire commenti su un sito. Tali informazioni raccolte dai cookie possono essere anonime e non devono tracciare la navigazione e le attivit\u00e0 dell\u2019utente su altri siti web. <strong>Gli utenti devono tenere in considerazione che alcune funzionalit\u00e0 del sito web potrebbero essere ridotte o non disponibili disabilitando i cookie<\/strong>. Nel dettaglio, gli utenti possono controllare, eliminare o impedire il caricamento di cookie agendo sui loro browser cos\u00ec come sotto indicato.<\/p>\n<h2 style=\"text-align: justify;\">4. Widget social network<\/h2>\n<p style=\"text-align: justify;\">I widget dei social network (esempio, Facebook, Twitter, Instagram etc) sono quei particolari \u201cpulsanti\u201d o \u201cblocchi\u201d presenti sul sito che consentono agli utenti che stanno navigando di interagire con un \u201c<em>click<\/em>\u201d direttamente con la piattaforma social desiderata. Di seguito riportiamo i link ove l\u2019utente pu\u00f2 visionare l\u2019informativa sulla privacy relativa alla gestione dei dati da parte dei social cui i pulsanti e le widget rinviano. Nessuna informazione viene condivisa dal sito in cui il widget \u00e8 incorporato.<\/p>\n<p style=\"text-align: justify;\">Per maggiori informazioni, anche sulla disattivazione di tali cookie, si consiglia di consultare i seguenti link:<\/p>\n<ul style=\"text-align: justify;\">\n<li><a href=\"http:\/\/twitter.com\/privacy\" target=\"_blank\" class=\"broken_link\">Twitter<\/a><\/li>\n<li><a href=\"https:\/\/www.facebook.com\/help\/cookies\" target=\"_blank\">Facebook<\/a><\/li>\n<li><a href=\"http:\/\/www.google.it\/intl\/it\/policies\/technologies\/cookies\/\" target=\"_blank\">Google Plus<\/a><\/li>\n<li><a href=\"https:\/\/support.twitter.com\/articles\/20170519-uso-dei-cookie-e-di-altre-tecnologie-simili-da-parte-di-twitter\" target=\"_blank\" class=\"broken_link\">Twitter<\/a> \u2013 (approfondimento)<\/li>\n<li><a href=\"https:\/\/instagram.com\/legal\/cookies\/\" target=\"_blank\">Instagram<\/a>.<\/li>\n<\/ul>\n<h2 style=\"text-align: justify;\">5. Come gestire i cookie nei vari Browser<\/h2>\n<h3 style=\"text-align: justify;\">Gestione dei cookie su Firefox<\/h3>\n<p style=\"text-align: justify;\">Dal menu in alto nella finestra di Firefox, fare clic sul pulsante Firefox (menu Strumenti in Windows XP) e selezionare &#8220;Opzioni&#8221; e quindi il pannello &#8220;Privacy&#8221;. Alla voce &#8220;Impostazioni cronologia&#8221;: selezionare &#8220;Utilizza impostazioni personalizzate&#8221;. Per attivare i cookie, contrassegnare la voce &#8220;Accetta i cookie dai siti&#8221;; per disattivarli togliere il contrassegno dalla voce. Scegliere per quanto tempo i cookie possono rimanere memorizzati. Fare clic su OK per chiudere la finestra delle opzioni, quindi cliccare su Chiudi per chiudere la finestra delle preferenze. Chiudere la finestra delle preferenze.<\/p>\n<h3 style=\"text-align: justify;\">Gestione dei cookie su Internet Explorer<\/h3>\n<p style=\"text-align: justify;\">Selezionare \u201cStrumenti\u201d nella barra in alto a destra, poi \u201cOpzioni Internet\u201d. Selezionare scheda \u201cPrivacy\u201d della finestra di dialogo &#8220;Propriet\u00e0 Internet&#8221;. Scegliere il livello di Privacy desiderato utilizzando il cursore.<br \/>\n<strong>Come eliminare i cookies<\/strong>: nella scheda Generale della finestra di dialogo &#8220;Propriet\u00e0 Internet&#8221;, fare clic su &#8220;Elimina&#8221; in Cronologia esplorazioni. Nella finestra di dialogo Elimina cronologia esplorazioni, deselezionare tutte le caselle di controllo ad eccezione della casella Cookie, quindi fare clic su Elimina.<\/p>\n<h3 style=\"text-align: justify;\">Gestione dei cookie su Chrome<\/h3>\n<p style=\"text-align: justify;\">Fai clic sull\u2019icona della chiave inglese sulla barra degli strumenti del browser e quindi selezionare &#8220;Impostazioni&#8221;. Cliccare su &#8220;Mostra impostazioni avanzate&#8221;. Nella sezione \u201cPrivacy\u201d, cliccare sul pulsante &#8220;Impostazioni contenuti&#8221;. Nella sezione \u201cCookie\u201d \u00e8 possibile modificare le seguenti impostazioni relative ai cookie:<\/p>\n<ul>\n<li style=\"text-align: justify;\"><strong>Eliminazione dei cookie<\/strong>: fare clic su Tutti i cookie e i dati dei siti per aprire la finestra di dialogo Cookie e altri dati;<\/li>\n<li style=\"text-align: justify;\"><strong>per eliminare tutti i cookie<\/strong>, fai clic su Rimuovi tutti nella parte inferiore della finestra di dialogo. Per eliminare un cookie specifico, seleziona il sito che ha inviato il cookie e il cookie, poi fai clic su Rimuovi.<\/li>\n<li style=\"text-align: justify;\"><strong>per rimuovere tutti i cookie creati durante un periodo di tempo specifico<\/strong>: utilizzare la finestra di dialogo Cancella dati di navigazione.<\/li>\n<li style=\"text-align: justify;\"><strong>per fare in modo che Google Chrome elimini automaticamente i cookie quando chiudiamo tutte le finestre del browser<\/strong>: selezionare la casella di controllo \u201cCancella cookie e altri dati dei siti quando chiudo il browser\u201d nella finestra di dialogo &#8220;Impostazioni contenuti&#8221;. Puoi anche creare eccezioni in modo che i cookie di determinati siti vengano eliminati ogni volta che chiudi il browser.<\/li>\n<\/ul>\n<h3 style=\"text-align: justify;\">Gestione dei cookie su Safari<\/h3>\n<p style=\"text-align: justify;\"><strong>Rimuovere i cookie<\/strong>: cliccare sul menu Safari; quindi selezionare &#8220;Preferenze&#8221; -&gt; &#8220;Sicurezza&#8221; -&gt; &#8220;Mostra cookie&#8221;. Fare clic su &#8220;Rimuovi tutto&#8221; quindi su &#8220;Fine&#8221; per chiudere l\u2019elenco di cookie. Chiudi la finestra di dialogo \u201cPreferenze\u201d.<\/p>\n<p style=\"text-align: justify;\"><strong>Gestire i cookie<\/strong>: scegli menu &#8220;Azione&#8221; poi &#8220;Preferenze&#8221;, quindi fai clic su &#8220;Sicurezza&#8221; (il \u201cMenu azione\u201d \u00e8 situato accanto all\u2019angolo in alto a destra della finestra Safari e contiene un\u2019icona a forma di ingranaggio). Nella sezione \u201cAccetta cookie\u201d, specifica se e quando Safari dovr\u00e0 accettare i cookie dai siti web. Per una spiegazione delle opzioni, fai clic sul pulsante Guida (dall\u2019aspetto simile a un punto interrogativo). Se desideri ulteriori informazioni sui cookie memorizzati sul tuo computer, fai clic su Mostra cookie.<\/p>\n<h3 style=\"text-align: justify;\">Cookie installati da questo sito:<\/h3>\n<ul style=\"text-align: justify;\">\n<li><strong>PHPSESSID<\/strong><br \/>\ndi sessione, necessario a WordPress per identificare la singola sessione di un utente.<\/li>\n<li><strong>_ga<\/strong><br \/>\npersistente, usato per distinguere gli utenti dal servizio di terze parti Google Analytics.<\/li>\n<li><strong>_gat<\/strong><br \/>\npersistente, usato per distinguere gli utenti dal servizio di terze parti Google Analytics.<\/li>\n<li><strong>cb-enabled<\/strong><br \/>\npersistente, usato per memorizzare la scelta dell\u2019utente in materia di gestione dei cookie su questo sito<\/li>\n<\/ul>\n<h2 style=\"text-align: justify;\">6. Affiliazioni e pubblicit\u00e0<\/h2>\n<p style=\"text-align: justify;\">Per permettere l\u2019espansione e la copertura dei costi di gestione, su questo blog potrebbero essere inseriti annunci pubblicitari e link di affiliazione.<\/p>\n<p style=\"text-align: justify;\">Questi link di affiliazione, diretti a shopping online in linea con gli argomenti trattati, permettono a questo blog di guadagnare una piccola commissione su qualsiasi spesa effettuata su tali negozi online da qualsiasi utente abbia cliccato su uno di questi link.<\/p>\n<p style=\"text-align: justify;\">Tali commissioni permettono a questo blog di continuare a crescere.<\/p>\n<h2>7. Risorse per saperne di pi\u00f9<\/h2>\n<p>Italia: <a href=\"http:\/\/www.garanteprivacy.it\/web\/guest\/home\/docweb\/-\/docweb-display\/docweb\/2142939\" target=\"_blank\"><strong>Garante per la protezione dei dati personali<\/strong><\/a>.<\/p>\n","protected":false},"excerpt":{"rendered":"<p>Blog Policy Questa pagina descrive la Cookie Policy applicata sul blog Ristoranti d&#8217;Italia. Chiunque avesse bisogno di ulteriori chiarimenti riguardo i contenuti o sul trattamento dei dati personali all\u2019interno di questo sito web, pu\u00f2 scriverci compilando l&#8217;apposito form presente nella pagina Contatti oppure inviando un&#8217;email all\u2019indirizzo info[chiocciola]ristorantiditalia.net Ultimo aggiornamento: mercoled\u00ec 28 settembre 2016. 1. Articoli [&hellip;]<\/p>\n","protected":false},"author":1,"featured_media":0,"parent":0,"menu_order":0,"comment_status":"closed","ping_status":"closed","template":"","meta":{"footnotes":""},"class_list":["post-324","page","type-page","status-publish","hentry"],"yoast_head":"<!-- This site is optimized with the Yoast SEO plugin v25.4 - https:\/\/yoast.com\/wordpress\/plugins\/seo\/ -->\n<title>Cookie Policy | Blog Ristorantiditalia.net<\/title>\n<meta name=\"robots\" content=\"index, follow, max-snippet:-1, max-image-preview:large, max-video-preview:-1\" \/>\n<link rel=\"canonical\" href=\"https:\/\/www.ristorantiditalia.net\/blog\/cookie-policy\/\" \/>\n<meta property=\"og:locale\" content=\"it_IT\" \/>\n<meta property=\"og:type\" content=\"article\" \/>\n<meta property=\"og:title\" content=\"Cookie Policy | Blog Ristorantiditalia.net\" \/>\n<meta property=\"og:description\" content=\"Blog Policy Questa pagina descrive la Cookie Policy applicata sul blog Ristoranti d&#8217;Italia. Chiunque avesse bisogno di ulteriori chiarimenti riguardo i contenuti o sul trattamento dei dati personali all\u2019interno di questo sito web, pu\u00f2 scriverci compilando l&#8217;apposito form presente nella pagina Contatti oppure inviando un&#8217;email all\u2019indirizzo info[chiocciola]ristorantiditalia.net Ultimo aggiornamento: mercoled\u00ec 28 settembre 2016. 1. Articoli [&hellip;]\" \/>\n<meta property=\"og:url\" content=\"https:\/\/www.ristorantiditalia.net\/blog\/cookie-policy\/\" \/>\n<meta property=\"og:site_name\" content=\"Blog Ristorantiditalia.net\" \/>\n<meta property=\"article:publisher\" content=\"https:\/\/www.facebook.com\/ristorantiditalia\/\" \/>\n<meta property=\"og:image\" content=\"https:\/\/www.ristorantiditalia.net\/blog\/wp-content\/uploads\/2016\/09\/55x55-retro.png\" \/>\n\t<meta property=\"og:image:width\" content=\"720\" \/>\n\t<meta property=\"og:image:height\" content=\"720\" \/>\n\t<meta property=\"og:image:type\" content=\"image\/png\" \/>\n<meta name=\"twitter:card\" content=\"summary_large_image\" \/>\n<meta name=\"twitter:site\" content=\"@Risto_Italia\" \/>\n<meta name=\"twitter:label1\" content=\"Tempo di lettura stimato\" \/>\n\t<meta name=\"twitter:data1\" content=\"9 minuti\" \/>\n<script type=\"application\/ld+json\" class=\"yoast-schema-graph\">{\"@context\":\"https:\/\/schema.org\",\"@graph\":[{\"@type\":\"WebPage\",\"@id\":\"https:\/\/www.ristorantiditalia.net\/blog\/cookie-policy\/\",\"url\":\"https:\/\/www.ristorantiditalia.net\/blog\/cookie-policy\/\",\"name\":\"Cookie Policy | Blog Ristorantiditalia.net\",\"isPartOf\":{\"@id\":\"https:\/\/www.ristorantiditalia.net\/blog\/#website\"},\"datePublished\":\"2016-09-29T15:15:09+00:00\",\"breadcrumb\":{\"@id\":\"https:\/\/www.ristorantiditalia.net\/blog\/cookie-policy\/#breadcrumb\"},\"inLanguage\":\"it-IT\",\"potentialAction\":[{\"@type\":\"ReadAction\",\"target\":[\"https:\/\/www.ristorantiditalia.net\/blog\/cookie-policy\/\"]}]},{\"@type\":\"BreadcrumbList\",\"@id\":\"https:\/\/www.ristorantiditalia.net\/blog\/cookie-policy\/#breadcrumb\",\"itemListElement\":[{\"@type\":\"ListItem\",\"position\":1,\"name\":\"Home\",\"item\":\"https:\/\/www.ristorantiditalia.net\/blog\/\"},{\"@type\":\"ListItem\",\"position\":2,\"name\":\"Cookie Policy\"}]},{\"@type\":\"WebSite\",\"@id\":\"https:\/\/www.ristorantiditalia.net\/blog\/#website\",\"url\":\"https:\/\/www.ristorantiditalia.net\/blog\/\",\"name\":\"Blog Ristorantiditalia.net\",\"description\":\"Portale dei migliori ristoranti in Italia\",\"publisher\":{\"@id\":\"https:\/\/www.ristorantiditalia.net\/blog\/#organization\"},\"potentialAction\":[{\"@type\":\"SearchAction\",\"target\":{\"@type\":\"EntryPoint\",\"urlTemplate\":\"https:\/\/www.ristorantiditalia.net\/blog\/?s={search_term_string}\"},\"query-input\":{\"@type\":\"PropertyValueSpecification\",\"valueRequired\":true,\"valueName\":\"search_term_string\"}}],\"inLanguage\":\"it-IT\"},{\"@type\":\"Organization\",\"@id\":\"https:\/\/www.ristorantiditalia.net\/blog\/#organization\",\"name\":\"Ristoranti d'Italia\",\"url\":\"https:\/\/www.ristorantiditalia.net\/blog\/\",\"logo\":{\"@type\":\"ImageObject\",\"inLanguage\":\"it-IT\",\"@id\":\"https:\/\/www.ristorantiditalia.net\/blog\/#\/schema\/logo\/image\/\",\"url\":\"https:\/\/www.ristorantiditalia.net\/blog\/wp-content\/uploads\/2016\/09\/cropped-55x55-retro.png\",\"contentUrl\":\"https:\/\/www.ristorantiditalia.net\/blog\/wp-content\/uploads\/2016\/09\/cropped-55x55-retro.png\",\"width\":512,\"height\":512,\"caption\":\"Ristoranti d'Italia\"},\"image\":{\"@id\":\"https:\/\/www.ristorantiditalia.net\/blog\/#\/schema\/logo\/image\/\"},\"sameAs\":[\"https:\/\/www.facebook.com\/ristorantiditalia\/\",\"https:\/\/x.com\/Risto_Italia\"]}]}<\/script>\n<!-- \/ Yoast SEO plugin. -->","yoast_head_json":{"title":"Cookie Policy | Blog Ristorantiditalia.net","robots":{"index":"index","follow":"follow","max-snippet":"max-snippet:-1","max-image-preview":"max-image-preview:large","max-video-preview":"max-video-preview:-1"},"canonical":"https:\/\/www.ristorantiditalia.net\/blog\/cookie-policy\/","og_locale":"it_IT","og_type":"article","og_title":"Cookie Policy | Blog Ristorantiditalia.net","og_description":"Blog Policy Questa pagina descrive la Cookie Policy applicata sul blog Ristoranti d&#8217;Italia. Chiunque avesse bisogno di ulteriori chiarimenti riguardo i contenuti o sul trattamento dei dati personali all\u2019interno di questo sito web, pu\u00f2 scriverci compilando l&#8217;apposito form presente nella pagina Contatti oppure inviando un&#8217;email all\u2019indirizzo info[chiocciola]ristorantiditalia.net Ultimo aggiornamento: mercoled\u00ec 28 settembre 2016. 1. Articoli [&hellip;]","og_url":"https:\/\/www.ristorantiditalia.net\/blog\/cookie-policy\/","og_site_name":"Blog Ristorantiditalia.net","article_publisher":"https:\/\/www.facebook.com\/ristorantiditalia\/","og_image":[{"width":720,"height":720,"url":"https:\/\/www.ristorantiditalia.net\/blog\/wp-content\/uploads\/2016\/09\/55x55-retro.png","type":"image\/png"}],"twitter_card":"summary_large_image","twitter_site":"@Risto_Italia","twitter_misc":{"Tempo di lettura stimato":"9 minuti"},"schema":{"@context":"https:\/\/schema.org","@graph":[{"@type":"WebPage","@id":"https:\/\/www.ristorantiditalia.net\/blog\/cookie-policy\/","url":"https:\/\/www.ristorantiditalia.net\/blog\/cookie-policy\/","name":"Cookie Policy | Blog Ristorantiditalia.net","isPartOf":{"@id":"https:\/\/www.ristorantiditalia.net\/blog\/#website"},"datePublished":"2016-09-29T15:15:09+00:00","breadcrumb":{"@id":"https:\/\/www.ristorantiditalia.net\/blog\/cookie-policy\/#breadcrumb"},"inLanguage":"it-IT","potentialAction":[{"@type":"ReadAction","target":["https:\/\/www.ristorantiditalia.net\/blog\/cookie-policy\/"]}]},{"@type":"BreadcrumbList","@id":"https:\/\/www.ristorantiditalia.net\/blog\/cookie-policy\/#breadcrumb","itemListElement":[{"@type":"ListItem","position":1,"name":"Home","item":"https:\/\/www.ristorantiditalia.net\/blog\/"},{"@type":"ListItem","position":2,"name":"Cookie Policy"}]},{"@type":"WebSite","@id":"https:\/\/www.ristorantiditalia.net\/blog\/#website","url":"https:\/\/www.ristorantiditalia.net\/blog\/","name":"Blog Ristorantiditalia.net","description":"Portale dei migliori ristoranti in Italia","publisher":{"@id":"https:\/\/www.ristorantiditalia.net\/blog\/#organization"},"potentialAction":[{"@type":"SearchAction","target":{"@type":"EntryPoint","urlTemplate":"https:\/\/www.ristorantiditalia.net\/blog\/?s={search_term_string}"},"query-input":{"@type":"PropertyValueSpecification","valueRequired":true,"valueName":"search_term_string"}}],"inLanguage":"it-IT"},{"@type":"Organization","@id":"https:\/\/www.ristorantiditalia.net\/blog\/#organization","name":"Ristoranti d'Italia","url":"https:\/\/www.ristorantiditalia.net\/blog\/","logo":{"@type":"ImageObject","inLanguage":"it-IT","@id":"https:\/\/www.ristorantiditalia.net\/blog\/#\/schema\/logo\/image\/","url":"https:\/\/www.ristorantiditalia.net\/blog\/wp-content\/uploads\/2016\/09\/cropped-55x55-retro.png","contentUrl":"https:\/\/www.ristorantiditalia.net\/blog\/wp-content\/uploads\/2016\/09\/cropped-55x55-retro.png","width":512,"height":512,"caption":"Ristoranti d'Italia"},"image":{"@id":"https:\/\/www.ristorantiditalia.net\/blog\/#\/schema\/logo\/image\/"},"sameAs":["https:\/\/www.facebook.com\/ristorantiditalia\/","https:\/\/x.com\/Risto_Italia"]}]}},"_links":{"self":[{"href":"https:\/\/www.ristorantiditalia.net\/blog\/wp-json\/wp\/v2\/pages\/324","targetHints":{"allow":["GET"]}}],"collection":[{"href":"https:\/\/www.ristorantiditalia.net\/blog\/wp-json\/wp\/v2\/pages"}],"about":[{"href":"https:\/\/www.ristorantiditalia.net\/blog\/wp-json\/wp\/v2\/types\/page"}],"author":[{"embeddable":true,"href":"https:\/\/www.ristorantiditalia.net\/blog\/wp-json\/wp\/v2\/users\/1"}],"replies":[{"embeddable":true,"href":"https:\/\/www.ristorantiditalia.net\/blog\/wp-json\/wp\/v2\/comments?post=324"}],"version-history":[{"count":0,"href":"https:\/\/www.ristorantiditalia.net\/blog\/wp-json\/wp\/v2\/pages\/324\/revisions"}],"wp:attachment":[{"href":"https:\/\/www.ristorantiditalia.net\/blog\/wp-json\/wp\/v2\/media?parent=324"}],"curies":[{"name":"wp","href":"https:\/\/api.w.org\/{rel}","templated":true}]}}